{"id":1458,"date":"2023-09-21T10:11:53","date_gmt":"2023-09-21T10:11:53","guid":{"rendered":"https:\/\/sansebastiansuites.com\/?page_id=1458"},"modified":"2026-03-31T09:34:14","modified_gmt":"2026-03-31T09:34:14","slug":"contact-san-sebastian-suites-cartagena","status":"publish","type":"page","link":"https:\/\/sansebastiansuites.com\/en\/contact-san-sebastian-suites-cartagena\/","title":{"rendered":"Contact San Sebasti\u00e1n Suites Cartagena"},"content":{"rendered":"\t\t<div data-elementor-type=\"wp-page\" data-elementor-id=\"1458\" class=\"elementor elementor-1458\" data-elementor-post-type=\"page\">\n\t\t\t\t<div class=\"elementor-element elementor-element-c5f64f0 e-con-full e-flex e-con e-parent\" data-id=\"c5f64f0\" data-element_type=\"container\" data-e-type=\"container\">\n\t\t<div class=\"elementor-element elementor-element-5feec67 e-con-full e-flex e-con e-child\" data-id=\"5feec67\" data-element_type=\"container\" data-e-type=\"container\">\n\t\t\t\t<div class=\"elementor-element elementor-element-1a8ce2d elementor-invisible elementor-widget elementor-widget-heading\" data-id=\"1a8ce2d\" data-element_type=\"widget\" data-e-type=\"widget\" data-settings=\"{&quot;_animation&quot;:&quot;fadeInUp&quot;}\" data-widget_type=\"heading.default\">\n\t\t\t\t<div class=\"elementor-widget-container\">\n\t\t\t\t\t<h6 class=\"elementor-heading-title elementor-size-default\">Cartagena - Murcia<\/h6>\t\t\t\t<\/div>\n\t\t\t\t<\/div>\n\t\t\t\t<div class=\"elementor-element elementor-element-7803d31 animated-slow elementor-invisible elementor-widget elementor-widget-heading\" data-id=\"7803d31\" data-element_type=\"widget\" data-e-type=\"widget\" data-settings=\"{&quot;_animation&quot;:&quot;slideInUp&quot;}\" data-widget_type=\"heading.default\">\n\t\t\t\t<div class=\"elementor-widget-container\">\n\t\t\t\t\t<h1 class=\"elementor-heading-title elementor-size-default\">Contact <\/br>San Sebasti\u00e1n Suites<\/h1>\t\t\t\t<\/div>\n\t\t\t\t<\/div>\n\t\t\t\t<div class=\"elementor-element elementor-element-ccae641 elementor-invisible elementor-widget elementor-widget-button\" data-id=\"ccae641\" data-element_type=\"widget\" data-e-type=\"widget\" data-settings=\"{&quot;_animation&quot;:&quot;fadeInUp&quot;}\" data-widget_type=\"button.default\">\n\t\t\t\t<div class=\"elementor-widget-container\">\n\t\t\t\t\t\t\t\t\t<div class=\"elementor-button-wrapper\">\n\t\t\t\t\t<a class=\"elementor-button elementor-button-link elementor-size-sm\" href=\"https:\/\/sansebastiansuites.com\/en\/contact-san-sebastian-suites-cartagena\/\">\n\t\t\t\t\t\t<span class=\"elementor-button-content-wrapper\">\n\t\t\t\t\t\t\t\t\t<span class=\"elementor-button-text\">CONTACT<\/span>\n\t\t\t\t\t<\/span>\n\t\t\t\t\t<\/a>\n\t\t\t\t<\/div>\n\t\t\t\t\t\t\t\t<\/div>\n\t\t\t\t<\/div>\n\t\t\t\t<\/div>\n\t\t<div class=\"elementor-element elementor-element-ebae28c e-con-full e-flex e-con e-child\" data-id=\"ebae28c\" data-element_type=\"container\" data-e-type=\"container\">\n\t\t\t\t<div class=\"elementor-element elementor-element-29f3f4a elementor-widget__width-initial elementor-widget elementor-widget-image\" data-id=\"29f3f4a\" data-element_type=\"widget\" data-e-type=\"widget\" data-widget_type=\"image.default\">\n\t\t\t\t<div class=\"elementor-widget-container\">\n\t\t\t\t\t\t\t\t\t\t\t\t\t\t\t<img fetchpriority=\"high\" decoding=\"async\" width=\"800\" height=\"537\" src=\"https:\/\/sansebastiansuites.com\/en\/wp-content\/uploads\/sites\/2\/contacto_san_sebastian_suites_slide1.webp\" class=\"attachment-large size-large wp-image-1463\" alt=\"\" srcset=\"https:\/\/sansebastiansuites.com\/en\/wp-content\/uploads\/sites\/2\/contacto_san_sebastian_suites_slide1.webp 820w, https:\/\/sansebastiansuites.com\/en\/wp-content\/uploads\/sites\/2\/contacto_san_sebastian_suites_slide1-300x201.webp 300w, https:\/\/sansebastiansuites.com\/en\/wp-content\/uploads\/sites\/2\/contacto_san_sebastian_suites_slide1-768x515.webp 768w\" sizes=\"(max-width: 800px) 100vw, 800px\" \/>\t\t\t\t\t\t\t\t\t\t\t\t\t\t\t<\/div>\n\t\t\t\t<\/div>\n\t\t\t\t<\/div>\n\t\t\t\t<\/div>\n\t\t\t\t<section class=\"elementor-section elementor-top-section elementor-element elementor-element-852c2ea elementor-section-height-min-height elementor-section-boxed elementor-section-height-default elementor-section-items-middle\" data-id=\"852c2ea\" data-element_type=\"section\" data-e-type=\"section\" data-settings=\"{&quot;background_background&quot;:&quot;classic&quot;}\">\n\t\t\t\t\t\t<div class=\"elementor-container elementor-column-gap-default\">\n\t\t\t\t\t<div class=\"elementor-column elementor-col-100 elementor-top-column elementor-element elementor-element-ce29f85\" data-id=\"ce29f85\" data-element_type=\"column\" data-e-type=\"column\">\n\t\t\t<div class=\"elementor-widget-wrap elementor-element-populated\">\n\t\t\t\t\t\t<div class=\"elementor-element elementor-element-127cd45 elementor-align-center elementor-icon-list--layout-traditional elementor-list-item-link-full_width elementor-widget elementor-widget-icon-list\" data-id=\"127cd45\" data-element_type=\"widget\" data-e-type=\"widget\" data-widget_type=\"icon-list.default\">\n\t\t\t\t<div class=\"elementor-widget-container\">\n\t\t\t\t\t\t\t<ul class=\"elementor-icon-list-items\">\n\t\t\t\t\t\t\t<li class=\"elementor-icon-list-item\">\n\t\t\t\t\t\t\t\t\t\t<span class=\"elementor-icon-list-text\">OFFICIAL WEBSITE BOOK WITH US AT THE BEST PRICE<\/span>\n\t\t\t\t\t\t\t\t\t<\/li>\n\t\t\t\t\t\t<\/ul>\n\t\t\t\t\t\t<\/div>\n\t\t\t\t<\/div>\n\t\t\t\t\t<\/div>\n\t\t<\/div>\n\t\t\t\t\t<\/div>\n\t\t<\/section>\n\t\t\t\t<section class=\"elementor-section elementor-top-section elementor-element elementor-element-cc2b82e elementor-section-boxed elementor-section-height-default elementor-section-height-default\" data-id=\"cc2b82e\" data-element_type=\"section\" data-e-type=\"section\">\n\t\t\t\t\t\t<div class=\"elementor-container elementor-column-gap-default\">\n\t\t\t\t\t<div class=\"elementor-column elementor-col-100 elementor-top-column elementor-element elementor-element-8d8d150\" data-id=\"8d8d150\" data-element_type=\"column\" data-e-type=\"column\">\n\t\t\t<div class=\"elementor-widget-wrap\">\n\t\t\t\t\t\t\t<\/div>\n\t\t<\/div>\n\t\t\t\t\t<\/div>\n\t\t<\/section>\n\t\t<div class=\"elementor-element elementor-element-69f00e8 e-flex e-con-boxed e-con e-parent\" data-id=\"69f00e8\" data-element_type=\"container\" data-e-type=\"container\" data-settings=\"{&quot;background_background&quot;:&quot;classic&quot;}\">\n\t\t\t\t\t<div class=\"e-con-inner\">\n\t\t<div class=\"elementor-element elementor-element-6583c704 e-con-full e-flex e-con e-child\" data-id=\"6583c704\" data-element_type=\"container\" data-e-type=\"container\">\n\t\t\t\t<div class=\"elementor-element elementor-element-6168f3e elementor-widget elementor-widget-heading\" data-id=\"6168f3e\" data-element_type=\"widget\" data-e-type=\"widget\" data-widget_type=\"heading.default\">\n\t\t\t\t<div class=\"elementor-widget-container\">\n\t\t\t\t\t<h2 class=\"elementor-heading-title elementor-size-default\">Contact with us...<\/h2>\t\t\t\t<\/div>\n\t\t\t\t<\/div>\n\t\t<div class=\"elementor-element elementor-element-36467d05 e-con-full e-flex e-con e-child\" data-id=\"36467d05\" data-element_type=\"container\" data-e-type=\"container\">\n\t\t\t\t<div class=\"elementor-element elementor-element-61dd4f61 elementor-widget-tablet__width-initial elementor-widget-mobile__width-inherit elementor-widget elementor-widget-heading\" data-id=\"61dd4f61\" data-element_type=\"widget\" data-e-type=\"widget\" data-widget_type=\"heading.default\">\n\t\t\t\t<div class=\"elementor-widget-container\">\n\t\t\t\t\t<h3 class=\"elementor-heading-title elementor-size-default\">Address<\/h3>\t\t\t\t<\/div>\n\t\t\t\t<\/div>\n\t\t\t\t<div class=\"elementor-element elementor-element-bcd50c3 elementor-icon-list--layout-traditional elementor-list-item-link-full_width elementor-widget elementor-widget-icon-list\" data-id=\"bcd50c3\" data-element_type=\"widget\" data-e-type=\"widget\" data-widget_type=\"icon-list.default\">\n\t\t\t\t<div class=\"elementor-widget-container\">\n\t\t\t\t\t\t\t<ul class=\"elementor-icon-list-items\">\n\t\t\t\t\t\t\t<li class=\"elementor-icon-list-item\">\n\t\t\t\t\t\t\t\t\t\t<span class=\"elementor-icon-list-text\">Plaza San Sebasti\u00e1n, 8, 30201 Cartagena, Murcia<\/span>\n\t\t\t\t\t\t\t\t\t<\/li>\n\t\t\t\t\t\t<\/ul>\n\t\t\t\t\t\t<\/div>\n\t\t\t\t<\/div>\n\t\t\t\t<\/div>\n\t\t<div class=\"elementor-element elementor-element-2b72a585 e-con-full e-flex e-con e-child\" data-id=\"2b72a585\" data-element_type=\"container\" data-e-type=\"container\">\n\t\t\t\t<div class=\"elementor-element elementor-element-60acd4a elementor-widget-tablet__width-initial elementor-widget-mobile__width-inherit elementor-widget elementor-widget-heading\" data-id=\"60acd4a\" data-element_type=\"widget\" data-e-type=\"widget\" data-widget_type=\"heading.default\">\n\t\t\t\t<div class=\"elementor-widget-container\">\n\t\t\t\t\t<h3 class=\"elementor-heading-title elementor-size-default\">Phone \/ Email<\/h3>\t\t\t\t<\/div>\n\t\t\t\t<\/div>\n\t\t\t\t<div class=\"elementor-element elementor-element-acce5e8 elementor-icon-list--layout-traditional elementor-list-item-link-full_width elementor-widget elementor-widget-icon-list\" data-id=\"acce5e8\" data-element_type=\"widget\" data-e-type=\"widget\" data-widget_type=\"icon-list.default\">\n\t\t\t\t<div class=\"elementor-widget-container\">\n\t\t\t\t\t\t\t<ul class=\"elementor-icon-list-items\">\n\t\t\t\t\t\t\t<li class=\"elementor-icon-list-item\">\n\t\t\t\t\t\t\t\t\t\t<span class=\"elementor-icon-list-text\">hola@sansebastiansuites.com<\/span>\n\t\t\t\t\t\t\t\t\t<\/li>\n\t\t\t\t\t\t\t\t<li class=\"elementor-icon-list-item\">\n\t\t\t\t\t\t\t\t\t\t<span class=\"elementor-icon-list-text\">+34 627 290 608<\/span>\n\t\t\t\t\t\t\t\t\t<\/li>\n\t\t\t\t\t\t<\/ul>\n\t\t\t\t\t\t<\/div>\n\t\t\t\t<\/div>\n\t\t\t\t<\/div>\n\t\t\t\t<\/div>\n\t\t\t\t<div class=\"elementor-element elementor-element-113cc6e1 elementor-widget__width-initial elementor-widget-tablet__width-inherit elementor-widget elementor-widget-google_maps\" data-id=\"113cc6e1\" data-element_type=\"widget\" data-e-type=\"widget\" data-widget_type=\"google_maps.default\">\n\t\t\t\t<div class=\"elementor-widget-container\">\n\t\t\t\t\t\t\t<div class=\"elementor-custom-embed\">\n\t\t\t<iframe loading=\"lazy\"\n\t\t\t\t\tsrc=\"https:\/\/maps.google.com\/maps?q=san%20sebasti%C3%A1n%20suites&#038;t=m&#038;z=16&#038;output=embed&#038;iwloc=near\"\n\t\t\t\t\ttitle=\"san sebasti\u00e1n suites\"\n\t\t\t\t\taria-label=\"san sebasti\u00e1n suites\"\n\t\t\t><\/iframe>\n\t\t<\/div>\n\t\t\t\t\t\t<\/div>\n\t\t\t\t<\/div>\n\t\t\t\t\t<\/div>\n\t\t\t\t<\/div>\n\t\t\t\t<\/div>\n\t\t","protected":false},"excerpt":{"rendered":"<p>Cartagena &#8211; Murcia Contact San Sebasti\u00e1n Suites CONTACT OFFICIAL WEBSITE BOOK WITH US AT THE BEST PRICE Contact with us&#8230; Address Plaza San Sebasti\u00e1n, 8, 30201 Cartagena, Murcia Phone \/ Email hola@sansebastiansuites.com +34 627 290 608<\/p>\n","protected":false},"author":1,"featured_media":0,"parent":0,"menu_order":0,"comment_status":"closed","ping_status":"closed","template":"elementor_header_footer","meta":{"footnotes":""},"class_list":["post-1458","page","type-page","status-publish","hentry"],"yoast_head":"<!-- This site is optimized with the Yoast SEO plugin v27.4 - https:\/\/yoast.com\/product\/yoast-seo-wordpress\/ -->\n<title>Contact San Sebasti\u00e1n Suites Cartagena - EN - San Sebastian Suites<\/title>\n<meta name=\"robots\" content=\"index, follow, max-snippet:-1, max-image-preview:large, max-video-preview:-1\" \/>\n<link rel=\"canonical\" href=\"https:\/\/sansebastiansuites.com\/en\/contact-san-sebastian-suites-cartagena\/\" \/>\n<meta property=\"og:locale\" content=\"es_ES\" \/>\n<meta property=\"og:type\" content=\"article\" \/>\n<meta property=\"og:title\" content=\"Contact San Sebasti\u00e1n Suites Cartagena - EN - San Sebastian Suites\" \/>\n<meta property=\"og:description\" content=\"Cartagena &#8211; Murcia Contact San Sebasti\u00e1n Suites CONTACT OFFICIAL WEBSITE BOOK WITH US AT THE BEST PRICE Contact with us&#8230; Address Plaza San Sebasti\u00e1n, 8, 30201 Cartagena, Murcia Phone \/ Email hola@sansebastiansuites.com +34 627 290 608\" \/>\n<meta property=\"og:url\" content=\"https:\/\/sansebastiansuites.com\/en\/contact-san-sebastian-suites-cartagena\/\" \/>\n<meta property=\"og:site_name\" content=\"EN - San Sebastian Suites\" \/>\n<meta property=\"article:modified_time\" content=\"2026-03-31T09:34:14+00:00\" \/>\n<meta property=\"og:image\" content=\"https:\/\/sansebastiansuites.com\/en\/wp-content\/uploads\/sites\/2\/contacto_san_sebastian_suites_slide1.webp\" \/>\n\t<meta property=\"og:image:width\" content=\"820\" \/>\n\t<meta property=\"og:image:height\" content=\"550\" \/>\n\t<meta property=\"og:image:type\" content=\"image\/webp\" \/>\n<meta name=\"twitter:card\" content=\"summary_large_image\" \/>\n<meta name=\"twitter:label1\" content=\"Tiempo de lectura\" \/>\n\t<meta name=\"twitter:data1\" content=\"1 minuto\" \/>\n<script type=\"application\/ld+json\" class=\"yoast-schema-graph\">{\"@context\":\"https:\\\/\\\/schema.org\",\"@graph\":[{\"@type\":\"WebPage\",\"@id\":\"https:\\\/\\\/sansebastiansuites.com\\\/en\\\/contact-san-sebastian-suites-cartagena\\\/\",\"url\":\"https:\\\/\\\/sansebastiansuites.com\\\/en\\\/contact-san-sebastian-suites-cartagena\\\/\",\"name\":\"Contact San Sebasti\u00e1n Suites Cartagena - EN - San Sebastian Suites\",\"isPartOf\":{\"@id\":\"https:\\\/\\\/sansebastiansuites.com\\\/en\\\/#website\"},\"primaryImageOfPage\":{\"@id\":\"https:\\\/\\\/sansebastiansuites.com\\\/en\\\/contact-san-sebastian-suites-cartagena\\\/#primaryimage\"},\"image\":{\"@id\":\"https:\\\/\\\/sansebastiansuites.com\\\/en\\\/contact-san-sebastian-suites-cartagena\\\/#primaryimage\"},\"thumbnailUrl\":\"https:\\\/\\\/sansebastiansuites.com\\\/en\\\/wp-content\\\/uploads\\\/sites\\\/2\\\/contacto_san_sebastian_suites_slide1.webp\",\"datePublished\":\"2023-09-21T10:11:53+00:00\",\"dateModified\":\"2026-03-31T09:34:14+00:00\",\"breadcrumb\":{\"@id\":\"https:\\\/\\\/sansebastiansuites.com\\\/en\\\/contact-san-sebastian-suites-cartagena\\\/#breadcrumb\"},\"inLanguage\":\"es\",\"potentialAction\":[{\"@type\":\"ReadAction\",\"target\":[\"https:\\\/\\\/sansebastiansuites.com\\\/en\\\/contact-san-sebastian-suites-cartagena\\\/\"]}]},{\"@type\":\"ImageObject\",\"inLanguage\":\"es\",\"@id\":\"https:\\\/\\\/sansebastiansuites.com\\\/en\\\/contact-san-sebastian-suites-cartagena\\\/#primaryimage\",\"url\":\"https:\\\/\\\/sansebastiansuites.com\\\/en\\\/wp-content\\\/uploads\\\/sites\\\/2\\\/contacto_san_sebastian_suites_slide1.webp\",\"contentUrl\":\"https:\\\/\\\/sansebastiansuites.com\\\/en\\\/wp-content\\\/uploads\\\/sites\\\/2\\\/contacto_san_sebastian_suites_slide1.webp\",\"width\":820,\"height\":550},{\"@type\":\"BreadcrumbList\",\"@id\":\"https:\\\/\\\/sansebastiansuites.com\\\/en\\\/contact-san-sebastian-suites-cartagena\\\/#breadcrumb\",\"itemListElement\":[{\"@type\":\"ListItem\",\"position\":1,\"name\":\"Portada\",\"item\":\"https:\\\/\\\/sansebastiansuites.com\\\/en\\\/\"},{\"@type\":\"ListItem\",\"position\":2,\"name\":\"Contact San Sebasti\u00e1n Suites Cartagena\"}]},{\"@type\":\"WebSite\",\"@id\":\"https:\\\/\\\/sansebastiansuites.com\\\/en\\\/#website\",\"url\":\"https:\\\/\\\/sansebastiansuites.com\\\/en\\\/\",\"name\":\"EN - San Sebastian Suites\",\"description\":\"San Sebasti\u00e1n Suites Cartagena\",\"publisher\":{\"@id\":\"https:\\\/\\\/sansebastiansuites.com\\\/en\\\/#organization\"},\"potentialAction\":[{\"@type\":\"SearchAction\",\"target\":{\"@type\":\"EntryPoint\",\"urlTemplate\":\"https:\\\/\\\/sansebastiansuites.com\\\/en\\\/?s={search_term_string}\"},\"query-input\":{\"@type\":\"PropertyValueSpecification\",\"valueRequired\":true,\"valueName\":\"search_term_string\"}}],\"inLanguage\":\"es\"},{\"@type\":\"Organization\",\"@id\":\"https:\\\/\\\/sansebastiansuites.com\\\/en\\\/#organization\",\"name\":\"EN - San Sebastian Suites\",\"url\":\"https:\\\/\\\/sansebastiansuites.com\\\/en\\\/\",\"logo\":{\"@type\":\"ImageObject\",\"inLanguage\":\"es\",\"@id\":\"https:\\\/\\\/sansebastiansuites.com\\\/en\\\/#\\\/schema\\\/logo\\\/image\\\/\",\"url\":\"https:\\\/\\\/sansebastiansuites.com\\\/en\\\/wp-content\\\/uploads\\\/sites\\\/2\\\/cropped-logo_transp_blanco.webp\",\"contentUrl\":\"https:\\\/\\\/sansebastiansuites.com\\\/en\\\/wp-content\\\/uploads\\\/sites\\\/2\\\/cropped-logo_transp_blanco.webp\",\"width\":500,\"height\":800,\"caption\":\"EN - San Sebastian Suites\"},\"image\":{\"@id\":\"https:\\\/\\\/sansebastiansuites.com\\\/en\\\/#\\\/schema\\\/logo\\\/image\\\/\"}}]}<\/script>\n<!-- \/ Yoast SEO plugin. -->","yoast_head_json":{"title":"Contact San Sebasti\u00e1n Suites Cartagena - EN - San Sebastian Suites","robots":{"index":"index","follow":"follow","max-snippet":"max-snippet:-1","max-image-preview":"max-image-preview:large","max-video-preview":"max-video-preview:-1"},"canonical":"https:\/\/sansebastiansuites.com\/en\/contact-san-sebastian-suites-cartagena\/","og_locale":"es_ES","og_type":"article","og_title":"Contact San Sebasti\u00e1n Suites Cartagena - EN - San Sebastian Suites","og_description":"Cartagena &#8211; Murcia Contact San Sebasti\u00e1n Suites CONTACT OFFICIAL WEBSITE BOOK WITH US AT THE BEST PRICE Contact with us&#8230; Address Plaza San Sebasti\u00e1n, 8, 30201 Cartagena, Murcia Phone \/ Email hola@sansebastiansuites.com +34 627 290 608","og_url":"https:\/\/sansebastiansuites.com\/en\/contact-san-sebastian-suites-cartagena\/","og_site_name":"EN - San Sebastian Suites","article_modified_time":"2026-03-31T09:34:14+00:00","og_image":[{"width":820,"height":550,"url":"https:\/\/sansebastiansuites.com\/en\/wp-content\/uploads\/sites\/2\/contacto_san_sebastian_suites_slide1.webp","type":"image\/webp"}],"twitter_card":"summary_large_image","twitter_misc":{"Tiempo de lectura":"1 minuto"},"schema":{"@context":"https:\/\/schema.org","@graph":[{"@type":"WebPage","@id":"https:\/\/sansebastiansuites.com\/en\/contact-san-sebastian-suites-cartagena\/","url":"https:\/\/sansebastiansuites.com\/en\/contact-san-sebastian-suites-cartagena\/","name":"Contact San Sebasti\u00e1n Suites Cartagena - EN - San Sebastian Suites","isPartOf":{"@id":"https:\/\/sansebastiansuites.com\/en\/#website"},"primaryImageOfPage":{"@id":"https:\/\/sansebastiansuites.com\/en\/contact-san-sebastian-suites-cartagena\/#primaryimage"},"image":{"@id":"https:\/\/sansebastiansuites.com\/en\/contact-san-sebastian-suites-cartagena\/#primaryimage"},"thumbnailUrl":"https:\/\/sansebastiansuites.com\/en\/wp-content\/uploads\/sites\/2\/contacto_san_sebastian_suites_slide1.webp","datePublished":"2023-09-21T10:11:53+00:00","dateModified":"2026-03-31T09:34:14+00:00","breadcrumb":{"@id":"https:\/\/sansebastiansuites.com\/en\/contact-san-sebastian-suites-cartagena\/#breadcrumb"},"inLanguage":"es","potentialAction":[{"@type":"ReadAction","target":["https:\/\/sansebastiansuites.com\/en\/contact-san-sebastian-suites-cartagena\/"]}]},{"@type":"ImageObject","inLanguage":"es","@id":"https:\/\/sansebastiansuites.com\/en\/contact-san-sebastian-suites-cartagena\/#primaryimage","url":"https:\/\/sansebastiansuites.com\/en\/wp-content\/uploads\/sites\/2\/contacto_san_sebastian_suites_slide1.webp","contentUrl":"https:\/\/sansebastiansuites.com\/en\/wp-content\/uploads\/sites\/2\/contacto_san_sebastian_suites_slide1.webp","width":820,"height":550},{"@type":"BreadcrumbList","@id":"https:\/\/sansebastiansuites.com\/en\/contact-san-sebastian-suites-cartagena\/#breadcrumb","itemListElement":[{"@type":"ListItem","position":1,"name":"Portada","item":"https:\/\/sansebastiansuites.com\/en\/"},{"@type":"ListItem","position":2,"name":"Contact San Sebasti\u00e1n Suites Cartagena"}]},{"@type":"WebSite","@id":"https:\/\/sansebastiansuites.com\/en\/#website","url":"https:\/\/sansebastiansuites.com\/en\/","name":"EN - San Sebastian Suites","description":"San Sebasti\u00e1n Suites Cartagena","publisher":{"@id":"https:\/\/sansebastiansuites.com\/en\/#organization"},"potentialAction":[{"@type":"SearchAction","target":{"@type":"EntryPoint","urlTemplate":"https:\/\/sansebastiansuites.com\/en\/?s={search_term_string}"},"query-input":{"@type":"PropertyValueSpecification","valueRequired":true,"valueName":"search_term_string"}}],"inLanguage":"es"},{"@type":"Organization","@id":"https:\/\/sansebastiansuites.com\/en\/#organization","name":"EN - San Sebastian Suites","url":"https:\/\/sansebastiansuites.com\/en\/","logo":{"@type":"ImageObject","inLanguage":"es","@id":"https:\/\/sansebastiansuites.com\/en\/#\/schema\/logo\/image\/","url":"https:\/\/sansebastiansuites.com\/en\/wp-content\/uploads\/sites\/2\/cropped-logo_transp_blanco.webp","contentUrl":"https:\/\/sansebastiansuites.com\/en\/wp-content\/uploads\/sites\/2\/cropped-logo_transp_blanco.webp","width":500,"height":800,"caption":"EN - San Sebastian Suites"},"image":{"@id":"https:\/\/sansebastiansuites.com\/en\/#\/schema\/logo\/image\/"}}]}},"_links":{"self":[{"href":"https:\/\/sansebastiansuites.com\/en\/wp-json\/wp\/v2\/pages\/1458","targetHints":{"allow":["GET"]}}],"collection":[{"href":"https:\/\/sansebastiansuites.com\/en\/wp-json\/wp\/v2\/pages"}],"about":[{"href":"https:\/\/sansebastiansuites.com\/en\/wp-json\/wp\/v2\/types\/page"}],"author":[{"embeddable":true,"href":"https:\/\/sansebastiansuites.com\/en\/wp-json\/wp\/v2\/users\/1"}],"replies":[{"embeddable":true,"href":"https:\/\/sansebastiansuites.com\/en\/wp-json\/wp\/v2\/comments?post=1458"}],"version-history":[{"count":10,"href":"https:\/\/sansebastiansuites.com\/en\/wp-json\/wp\/v2\/pages\/1458\/revisions"}],"predecessor-version":[{"id":1620,"href":"https:\/\/sansebastiansuites.com\/en\/wp-json\/wp\/v2\/pages\/1458\/revisions\/1620"}],"wp:attachment":[{"href":"https:\/\/sansebastiansuites.com\/en\/wp-json\/wp\/v2\/media?parent=1458"}],"curies":[{"name":"wp","href":"https:\/\/api.w.org\/{rel}","templated":true}]}}